{"id":160,"date":"2024-03-03T19:46:44","date_gmt":"2024-03-03T18:46:44","guid":{"rendered":"https:\/\/cuisineravecplaisir.com\/?page_id=160"},"modified":"2024-04-06T14:26:20","modified_gmt":"2024-04-06T12:26:20","slug":"mentions-legales","status":"publish","type":"page","link":"https:\/\/cuisineravecplaisir.com\/index.php\/mentions-legales\/","title":{"rendered":"Mentions l\u00e9gales"},"content":{"rendered":"\t\t<div data-elementor-type=\"wp-page\" data-elementor-id=\"160\" class=\"elementor elementor-160\">\n\t\t\t\t<div class=\"elementor-element elementor-element-f8796cd e-flex e-con-boxed e-con e-parent\" data-id=\"f8796cd\" data-element_type=\"container\" data-e-type=\"container\">\n\t\t\t\t\t<div class=\"e-con-inner\">\n\t\t\t\t<div class=\"elementor-element elementor-element-6aa02e5 elementor-widget elementor-widget-heading\" data-id=\"6aa02e5\" data-element_type=\"widget\" data-e-type=\"widget\" data-widget_type=\"heading.default\">\n\t\t\t\t<div class=\"elementor-widget-container\">\n\t\t\t\t\t<h1 class=\"elementor-heading-title elementor-size-default\">1 - \u00c9dition du site<\/h1>\t\t\t\t<\/div>\n\t\t\t\t<\/div>\n\t\t\t\t<div class=\"elementor-element elementor-element-ba974c9 elementor-widget elementor-widget-text-editor\" data-id=\"ba974c9\" data-element_type=\"widget\" data-e-type=\"widget\" data-widget_type=\"text-editor.default\">\n\t\t\t\t<div class=\"elementor-widget-container\">\n\t\t\t\t\t\t\t\t\t<p>En vertu de\u00a0<a href=\"https:\/\/www.legifrance.gouv.fr\/affichTexte.do?cidTexte=JORFTEXT000000801164#LEGIARTI000042038977\">l\u2019article 6 de la loi n\u00b0 2004-575 du 21 juin 2004<\/a>\u00a0pour la confiance dans l\u2019\u00e9conomie num\u00e9rique, il est pr\u00e9cis\u00e9 aux utilisateurs du site internet <strong>cuisineravecplaisir.com<\/strong>\u00a0l\u2019identit\u00e9 des diff\u00e9rents intervenants dans le cadre de sa r\u00e9alisation et de son suivi :<\/p><p>Propri\u00e9taire du site \/ Direction de la publication : H\u00e9l\u00e8ne VIRAT<br \/>E-mail : contact@cuisineravecplaisir.com<br \/>Adresse : 93 160 \/ NOISY-LE-GRAND<\/p><p><strong>H\u00e9bergeur :<br \/><\/strong>OVH Cloud<br \/>SAS au capital de 10 174 560 \u20ac<br \/>RCS Lille M\u00e9tropole 424 761 419 00045<br \/>2 rue Kellermann<br \/>59 100 Roubaix<br \/>T\u00e9l\u00e9phone : 10 07<\/p><p>Le site est \u00e9dit\u00e9 avec\u00a0<a href=\"https:\/\/fr.wordpress.org\/\">WordPress<\/a>.<\/p>\t\t\t\t\t\t\t\t<\/div>\n\t\t\t\t<\/div>\n\t\t\t\t\t<\/div>\n\t\t\t\t<\/div>\n\t\t<div class=\"elementor-element elementor-element-1d1892f e-flex e-con-boxed e-con e-parent\" data-id=\"1d1892f\" data-element_type=\"container\" data-e-type=\"container\">\n\t\t\t\t\t<div class=\"e-con-inner\">\n\t\t\t\t<div class=\"elementor-element elementor-element-b2fb534 elementor-widget elementor-widget-heading\" data-id=\"b2fb534\" data-element_type=\"widget\" data-e-type=\"widget\" data-widget_type=\"heading.default\">\n\t\t\t\t<div class=\"elementor-widget-container\">\n\t\t\t\t\t<h1 class=\"elementor-heading-title elementor-size-default\">2 - Conditions d'utilisation<\/h1>\t\t\t\t<\/div>\n\t\t\t\t<\/div>\n\t\t\t\t<div class=\"elementor-element elementor-element-14fb4b6 elementor-widget elementor-widget-text-editor\" data-id=\"14fb4b6\" data-element_type=\"widget\" data-e-type=\"widget\" data-widget_type=\"text-editor.default\">\n\t\t\t\t<div class=\"elementor-widget-container\">\n\t\t\t\t\t\t\t\t\t<p>Le site accessible par les url suivants cuisineravecplaisir.com est exploit\u00e9 dans le respect de la l\u00e9gislation fran\u00e7aise. L\u2019utilisation de ce site est r\u00e9gie par les pr\u00e9sentes conditions g\u00e9n\u00e9rales. En utilisant le site, vous reconnaissez avoir pris connaissance de ces conditions et les avoir accept\u00e9es. Celles-ci pourront \u00eatres modifi\u00e9es \u00e0 tout moment et sans pr\u00e9avis par H\u00e9l\u00e8ne VIRAT qui ne saurait \u00eatre tenue pour responsable, en aucune mani\u00e8re, d\u2019une mauvaise utilisation du service.<\/p>\t\t\t\t\t\t\t\t<\/div>\n\t\t\t\t<\/div>\n\t\t\t\t\t<\/div>\n\t\t\t\t<\/div>\n\t\t<div class=\"elementor-element elementor-element-45deaea e-flex e-con-boxed e-con e-parent\" data-id=\"45deaea\" data-element_type=\"container\" data-e-type=\"container\">\n\t\t\t\t\t<div class=\"e-con-inner\">\n\t\t\t\t<div class=\"elementor-element elementor-element-eb8c934 elementor-widget elementor-widget-heading\" data-id=\"eb8c934\" data-element_type=\"widget\" data-e-type=\"widget\" data-widget_type=\"heading.default\">\n\t\t\t\t<div class=\"elementor-widget-container\">\n\t\t\t\t\t<h1 class=\"elementor-heading-title elementor-size-default\">3 - Propri\u00e9t\u00e9 intellectuelle<\/h1>\t\t\t\t<\/div>\n\t\t\t\t<\/div>\n\t\t\t\t<div class=\"elementor-element elementor-element-5468769 elementor-widget elementor-widget-text-editor\" data-id=\"5468769\" data-element_type=\"widget\" data-e-type=\"widget\" data-widget_type=\"text-editor.default\">\n\t\t\t\t<div class=\"elementor-widget-container\">\n\t\t\t\t\t\t\t\t\t<p>H\u00e9l\u00e8ne VIRAT est propri\u00e9taire des droits de propri\u00e9t\u00e9 intellectuelle et d\u00e9tient les droits d\u2019usage sur tous les \u00e9l\u00e9ments produits et accessibles sur cuisineravecplaisir.com.<\/p><p>Tout le contenu du pr\u00e9sent site, incluant, de fa\u00e7on non limitative, les graphismes, images, textes, vid\u00e9os, animations, sons, logos, gifs et ic\u00f4nes ainsi que leur mise en forme sont la propri\u00e9t\u00e9 exclusive d&rsquo;H\u00e9l\u00e8ne VIRAT \u00e0 l\u2019exception des marques, logos ou contenus appartenant \u00e0 d\u2019autres soci\u00e9t\u00e9s partenaires ou auteurs.<\/p><p>Toute reproduction, distribution, modification, adaptation, retransmission ou publication, m\u00eame partielle, de ces diff\u00e9rents \u00e9l\u00e9ments est strictement interdite, sauf autorisation \u00e9crite pr\u00e9alable d&rsquo;H\u00e9l\u00e8ne VIRAT.<\/p><p>Toute exploitation non autoris\u00e9e du site ou de l\u2019un des \u00e9l\u00e9ments qu\u2019il contient sera consid\u00e9r\u00e9e comme constitutive d\u2019une contrefa\u00e7on et poursuivie conform\u00e9ment aux dispositions des articles <a href=\"https:\/\/www.legifrance.gouv.fr\/affichCodeArticle.do?idArticle=LEGIARTI000032655082&amp;cidTexte=LEGITEXT000006069414&amp;dateTexte=20160605\">L.335-2 et suivants du Code de Propri\u00e9t\u00e9 Intellectuelle<\/a>.<\/p><p>Cr\u00e9dits photos : shutterstock, pexels, pixabay, canva<\/p>\t\t\t\t\t\t\t\t<\/div>\n\t\t\t\t<\/div>\n\t\t\t\t\t<\/div>\n\t\t\t\t<\/div>\n\t\t<div class=\"elementor-element elementor-element-e50e1f6 e-flex e-con-boxed e-con e-parent\" data-id=\"e50e1f6\" data-element_type=\"container\" data-e-type=\"container\">\n\t\t\t\t\t<div class=\"e-con-inner\">\n\t\t\t\t<div class=\"elementor-element elementor-element-5e91962 elementor-widget elementor-widget-heading\" data-id=\"5e91962\" data-element_type=\"widget\" data-e-type=\"widget\" data-widget_type=\"heading.default\">\n\t\t\t\t<div class=\"elementor-widget-container\">\n\t\t\t\t\t<h1 class=\"elementor-heading-title elementor-size-default\">4 - Limitation de responsabilit\u00e9<\/h1>\t\t\t\t<\/div>\n\t\t\t\t<\/div>\n\t\t\t\t<div class=\"elementor-element elementor-element-375caff elementor-widget elementor-widget-text-editor\" data-id=\"375caff\" data-element_type=\"widget\" data-e-type=\"widget\" data-widget_type=\"text-editor.default\">\n\t\t\t\t<div class=\"elementor-widget-container\">\n\t\t\t\t\t\t\t\t\t<p>Les informations contenues sur ce site sont aussi pr\u00e9cises que possible et le site est p\u00e9riodiquement remis \u00e0 jour, mais peut toutefois contenir des inexactitudes, des omissions ou des lacunes.\u00a0<\/p><p>Tout contenu t\u00e9l\u00e9charg\u00e9 se fait aux risques et p\u00e9rils de l\u2019utilisateur et sous sa seule responsabilit\u00e9. En cons\u00e9quence, H\u00e9l\u00e8ne VIRAT ne pourra \u00eatre tenu pour responsable des dommages directs et indirects caus\u00e9s au mat\u00e9riel de l\u2019utilisateur, lors de l\u2019acc\u00e8s au site cuisineravecplaisir.com ou au t\u00e9l\u00e9chargement effectu\u00e9 sur ce m\u00eame site.<\/p><p>H\u00e9l\u00e8ne VIRAT d\u00e9cline toute responsabilit\u00e9 quant \u00e0 l\u2019utilisation qui pourrait \u00eatre faite des informations et contenus pr\u00e9sents sur cuisineravecplaisir.com<\/p><p>La responsabilit\u00e9 d&rsquo;H\u00e9l\u00e8ne VIRAT ne pourra \u00eatre mise en cause si des donn\u00e9es ind\u00e9sirables sont import\u00e9es et install\u00e9es sur son site \u00e0 son insu.<\/p><p>Des espaces interactifs (espace contact ou commentaires) sont \u00e0 la disposition des utilisateurs. H\u00e9l\u00e8ne VIRAT se r\u00e9serve le droit de supprimer, sans mise en demeure pr\u00e9alable, tout contenu d\u00e9pos\u00e9 dans cet espace qui contreviendrait \u00e0 la l\u00e9gislation applicable en France, en particulier aux dispositions relatives \u00e0 la protection des donn\u00e9es. Le cas \u00e9ch\u00e9ant, H\u00e9l\u00e8ne VIRAT\u00a0se r\u00e9serve \u00e9galement la possibilit\u00e9 de mettre en cause la responsabilit\u00e9 civile et\/ou p\u00e9nale de l\u2019utilisateur, notamment en cas de message \u00e0 caract\u00e8re raciste, injurieux, diffamant, ou pornographique, quel que soit le support utilis\u00e9 (texte, photographie \u2026).<\/p><p>Les photos sont non contractuelles.<\/p><p>Les liens hypertextes mis en place dans le cadre du pr\u00e9sent site internet en direction d\u2019autres ressources pr\u00e9sentes sur internet ne sauraient engager la responsabilit\u00e9 d&rsquo;H\u00e9l\u00e8ne VIRAT.<\/p>\t\t\t\t\t\t\t\t<\/div>\n\t\t\t\t<\/div>\n\t\t\t\t\t<\/div>\n\t\t\t\t<\/div>\n\t\t<div class=\"elementor-element elementor-element-bafa24b e-flex e-con-boxed e-con e-parent\" data-id=\"bafa24b\" data-element_type=\"container\" data-e-type=\"container\">\n\t\t\t\t\t<div class=\"e-con-inner\">\n\t\t\t\t<div class=\"elementor-element elementor-element-165f855 elementor-widget elementor-widget-heading\" data-id=\"165f855\" data-element_type=\"widget\" data-e-type=\"widget\" data-widget_type=\"heading.default\">\n\t\t\t\t<div class=\"elementor-widget-container\">\n\t\t\t\t\t<h1 class=\"elementor-heading-title elementor-size-default\">5 - Liens hypertextes<\/h1>\t\t\t\t<\/div>\n\t\t\t\t<\/div>\n\t\t\t\t<div class=\"elementor-element elementor-element-6175778 elementor-widget elementor-widget-text-editor\" data-id=\"6175778\" data-element_type=\"widget\" data-e-type=\"widget\" data-widget_type=\"text-editor.default\">\n\t\t\t\t<div class=\"elementor-widget-container\">\n\t\t\t\t\t\t\t\t\t<p>cuisineravecplaisir.com peut offrir des liens vers d\u2019autres sites internet ou d\u2019autres ressources disponibles sur internet.<\/p><p>H\u00e9l\u00e8ne VIRAT ne dispose d\u2019aucun moyen pour contr\u00f4ler les sites en connexion avec cuisineravecplaisir.com. H\u00e9l\u00e8ne VIRAT ne r\u00e9pond pas de la disponibilit\u00e9 de tels sites et sources externes, ni ne la garantit.<\/p><p>H\u00e9l\u00e8ne VIRAT ne peut \u00eatre tenue pour responsable de tout dommage, de quelque nature que ce soit, r\u00e9sultant du contenu de ces sites ou sources externes, et notamment des informations, produits ou services qu\u2019ils proposent, ou de tout usage qui peut \u00eatre fait de ces \u00e9l\u00e9ments. Les risques li\u00e9s \u00e0 cette utilisation incombent pleinement \u00e0 l\u2019utilisateur, qui doit se conformer \u00e0 leurs conditions d\u2019utilisation.<\/p><p>Les utilisateurs, les abonn\u00e9s et les visiteurs de cuisineravecplaisir.com ne peuvent mettre en place un hyperlien en direction de ce site sans l\u2019autorisation expresse et pr\u00e9alable d&rsquo;H\u00e9l\u00e8ne VIRAT<\/p><p>Dans l\u2019hypoth\u00e8se o\u00f9 un utilisateur ou visiteur souhaiterait mettre en place un hyperlien en direction de cuisineravecplaisir.com, il lui appartiendra d\u2019adresser un courriel \u00e0 contact@cuisineravecplaisir.com afin de formuler sa demande de mise en place d\u2019un hyperlien. H\u00e9l\u00e8ne VIRAT se r\u00e9serve le droit d\u2019accepter ou de refuser un hyperlien sans avoir \u00e0 en justifier sa d\u00e9cision.<\/p>\t\t\t\t\t\t\t\t<\/div>\n\t\t\t\t<\/div>\n\t\t\t\t\t<\/div>\n\t\t\t\t<\/div>\n\t\t<div class=\"elementor-element elementor-element-20b2055 e-flex e-con-boxed e-con e-parent\" data-id=\"20b2055\" data-element_type=\"container\" data-e-type=\"container\">\n\t\t\t\t\t<div class=\"e-con-inner\">\n\t\t\t\t<div class=\"elementor-element elementor-element-37689be elementor-widget elementor-widget-heading\" data-id=\"37689be\" data-element_type=\"widget\" data-e-type=\"widget\" data-widget_type=\"heading.default\">\n\t\t\t\t<div class=\"elementor-widget-container\">\n\t\t\t\t\t<h1 class=\"elementor-heading-title elementor-size-default\">6 - Recherches et pr\u00e9cautions d'usage<\/h1>\t\t\t\t<\/div>\n\t\t\t\t<\/div>\n\t\t\t\t<div class=\"elementor-element elementor-element-d432f0e elementor-widget elementor-widget-text-editor\" data-id=\"d432f0e\" data-element_type=\"widget\" data-e-type=\"widget\" data-widget_type=\"text-editor.default\">\n\t\t\t\t<div class=\"elementor-widget-container\">\n\t\t\t\t\t\t\t\t\t<p>En outre, le renvoi sur un site internet pour compl\u00e9ter une information recherch\u00e9e ne signifie en aucune fa\u00e7on qu&rsquo;H\u00e9l\u00e8ne VIRAT reconna\u00eet ou accepte quelque responsabilit\u00e9 quant \u00e0 la teneur ou \u00e0 l&rsquo;utilisation dudit site.<\/p><p>Il incombe \u00e0 l&rsquo;utilisateur, de prendre les pr\u00e9cautions d\u2019usage n\u00e9cessaires pour s&rsquo;assurer que ce qu&rsquo;il choisit d\u2019utiliser ne soit pas entach\u00e9 d\u2019erreurs voire d&rsquo;\u00e9l\u00e9ments de nature destructrice tels que des virus&#8230;etc&#8230;<\/p>\t\t\t\t\t\t\t\t<\/div>\n\t\t\t\t<\/div>\n\t\t\t\t\t<\/div>\n\t\t\t\t<\/div>\n\t\t\t\t<\/div>\n\t\t","protected":false},"excerpt":{"rendered":"<p>1 &#8211; \u00c9dition du site En vertu de\u00a0l\u2019article 6 de la loi n\u00b0 2004-575 du 21 juin 2004\u00a0pour la confiance dans l\u2019\u00e9conomie num\u00e9rique, il est pr\u00e9cis\u00e9 aux utilisateurs du site internet cuisineravecplaisir.com\u00a0l\u2019identit\u00e9 des diff\u00e9rents intervenants dans le cadre de sa r\u00e9alisation et de son suivi : Propri\u00e9taire du site \/ Direction de la publication : [&hellip;]<\/p>\n","protected":false},"author":1,"featured_media":0,"parent":0,"menu_order":0,"comment_status":"closed","ping_status":"closed","template":"","meta":{"_monsterinsights_skip_tracking":false,"_monsterinsights_sitenote_active":false,"_monsterinsights_sitenote_note":"","_monsterinsights_sitenote_category":0,"footnotes":""},"class_list":["post-160","page","type-page","status-publish","hentry","entry"],"yoast_head":"<!-- This site is optimized with the Yoast SEO plugin v27.1.1 - https:\/\/yoast.com\/product\/yoast-seo-wordpress\/ -->\n<title>Mentions l\u00e9gales - Cuisiner avec plaisir<\/title>\n<meta name=\"robots\" content=\"index, follow, max-snippet:-1, max-image-preview:large, max-video-preview:-1\" \/>\n<link rel=\"canonical\" href=\"https:\/\/cuisineravecplaisir.com\/index.php\/mentions-legales\/\" \/>\n<meta property=\"og:locale\" content=\"fr_FR\" \/>\n<meta property=\"og:type\" content=\"article\" \/>\n<meta property=\"og:title\" content=\"Mentions l\u00e9gales - Cuisiner avec plaisir\" \/>\n<meta property=\"og:description\" content=\"1 &#8211; \u00c9dition du site En vertu de\u00a0l\u2019article 6 de la loi n\u00b0 2004-575 du 21 juin 2004\u00a0pour la confiance dans l\u2019\u00e9conomie num\u00e9rique, il est pr\u00e9cis\u00e9 aux utilisateurs du site internet cuisineravecplaisir.com\u00a0l\u2019identit\u00e9 des diff\u00e9rents intervenants dans le cadre de sa r\u00e9alisation et de son suivi : Propri\u00e9taire du site \/ Direction de la publication : [&hellip;]\" \/>\n<meta property=\"og:url\" content=\"https:\/\/cuisineravecplaisir.com\/index.php\/mentions-legales\/\" \/>\n<meta property=\"og:site_name\" content=\"Cuisiner avec plaisir\" \/>\n<meta property=\"article:modified_time\" content=\"2024-04-06T12:26:20+00:00\" \/>\n<meta name=\"twitter:card\" content=\"summary_large_image\" \/>\n<meta name=\"twitter:label1\" content=\"Dur\u00e9e de lecture estim\u00e9e\" \/>\n\t<meta name=\"twitter:data1\" content=\"5 minutes\" \/>\n<script type=\"application\/ld+json\" class=\"yoast-schema-graph\">{\"@context\":\"https:\/\/schema.org\",\"@graph\":[{\"@type\":\"WebPage\",\"@id\":\"https:\/\/cuisineravecplaisir.com\/index.php\/mentions-legales\/\",\"url\":\"https:\/\/cuisineravecplaisir.com\/index.php\/mentions-legales\/\",\"name\":\"Mentions l\u00e9gales - Cuisiner avec plaisir\",\"isPartOf\":{\"@id\":\"https:\/\/cuisineravecplaisir.com\/#website\"},\"datePublished\":\"2024-03-03T18:46:44+00:00\",\"dateModified\":\"2024-04-06T12:26:20+00:00\",\"breadcrumb\":{\"@id\":\"https:\/\/cuisineravecplaisir.com\/index.php\/mentions-legales\/#breadcrumb\"},\"inLanguage\":\"fr-FR\",\"potentialAction\":[{\"@type\":\"ReadAction\",\"target\":[\"https:\/\/cuisineravecplaisir.com\/index.php\/mentions-legales\/\"]}]},{\"@type\":\"BreadcrumbList\",\"@id\":\"https:\/\/cuisineravecplaisir.com\/index.php\/mentions-legales\/#breadcrumb\",\"itemListElement\":[{\"@type\":\"ListItem\",\"position\":1,\"name\":\"Accueil\",\"item\":\"https:\/\/cuisineravecplaisir.com\/\"},{\"@type\":\"ListItem\",\"position\":2,\"name\":\"Mentions l\u00e9gales\"}]},{\"@type\":\"WebSite\",\"@id\":\"https:\/\/cuisineravecplaisir.com\/#website\",\"url\":\"https:\/\/cuisineravecplaisir.com\/\",\"name\":\"Cuisiner avec plaisir\",\"description\":\"\",\"publisher\":{\"@id\":\"https:\/\/cuisineravecplaisir.com\/#organization\"},\"potentialAction\":[{\"@type\":\"SearchAction\",\"target\":{\"@type\":\"EntryPoint\",\"urlTemplate\":\"https:\/\/cuisineravecplaisir.com\/?s={search_term_string}\"},\"query-input\":{\"@type\":\"PropertyValueSpecification\",\"valueRequired\":true,\"valueName\":\"search_term_string\"}}],\"inLanguage\":\"fr-FR\"},{\"@type\":\"Organization\",\"@id\":\"https:\/\/cuisineravecplaisir.com\/#organization\",\"name\":\"Cuisiner avec plaisir\",\"url\":\"https:\/\/cuisineravecplaisir.com\/\",\"logo\":{\"@type\":\"ImageObject\",\"inLanguage\":\"fr-FR\",\"@id\":\"https:\/\/cuisineravecplaisir.com\/#\/schema\/logo\/image\/\",\"url\":\"https:\/\/cuisineravecplaisir.com\/wp-content\/uploads\/2024\/02\/Sans-titre-513_20210920172406.png\",\"contentUrl\":\"https:\/\/cuisineravecplaisir.com\/wp-content\/uploads\/2024\/02\/Sans-titre-513_20210920172406.png\",\"width\":1280,\"height\":1280,\"caption\":\"Cuisiner avec plaisir\"},\"image\":{\"@id\":\"https:\/\/cuisineravecplaisir.com\/#\/schema\/logo\/image\/\"}}]}<\/script>\n<!-- \/ Yoast SEO plugin. -->","yoast_head_json":{"title":"Mentions l\u00e9gales - Cuisiner avec plaisir","robots":{"index":"index","follow":"follow","max-snippet":"max-snippet:-1","max-image-preview":"max-image-preview:large","max-video-preview":"max-video-preview:-1"},"canonical":"https:\/\/cuisineravecplaisir.com\/index.php\/mentions-legales\/","og_locale":"fr_FR","og_type":"article","og_title":"Mentions l\u00e9gales - Cuisiner avec plaisir","og_description":"1 &#8211; \u00c9dition du site En vertu de\u00a0l\u2019article 6 de la loi n\u00b0 2004-575 du 21 juin 2004\u00a0pour la confiance dans l\u2019\u00e9conomie num\u00e9rique, il est pr\u00e9cis\u00e9 aux utilisateurs du site internet cuisineravecplaisir.com\u00a0l\u2019identit\u00e9 des diff\u00e9rents intervenants dans le cadre de sa r\u00e9alisation et de son suivi : Propri\u00e9taire du site \/ Direction de la publication : [&hellip;]","og_url":"https:\/\/cuisineravecplaisir.com\/index.php\/mentions-legales\/","og_site_name":"Cuisiner avec plaisir","article_modified_time":"2024-04-06T12:26:20+00:00","twitter_card":"summary_large_image","twitter_misc":{"Dur\u00e9e de lecture estim\u00e9e":"5 minutes"},"schema":{"@context":"https:\/\/schema.org","@graph":[{"@type":"WebPage","@id":"https:\/\/cuisineravecplaisir.com\/index.php\/mentions-legales\/","url":"https:\/\/cuisineravecplaisir.com\/index.php\/mentions-legales\/","name":"Mentions l\u00e9gales - Cuisiner avec plaisir","isPartOf":{"@id":"https:\/\/cuisineravecplaisir.com\/#website"},"datePublished":"2024-03-03T18:46:44+00:00","dateModified":"2024-04-06T12:26:20+00:00","breadcrumb":{"@id":"https:\/\/cuisineravecplaisir.com\/index.php\/mentions-legales\/#breadcrumb"},"inLanguage":"fr-FR","potentialAction":[{"@type":"ReadAction","target":["https:\/\/cuisineravecplaisir.com\/index.php\/mentions-legales\/"]}]},{"@type":"BreadcrumbList","@id":"https:\/\/cuisineravecplaisir.com\/index.php\/mentions-legales\/#breadcrumb","itemListElement":[{"@type":"ListItem","position":1,"name":"Accueil","item":"https:\/\/cuisineravecplaisir.com\/"},{"@type":"ListItem","position":2,"name":"Mentions l\u00e9gales"}]},{"@type":"WebSite","@id":"https:\/\/cuisineravecplaisir.com\/#website","url":"https:\/\/cuisineravecplaisir.com\/","name":"Cuisiner avec plaisir","description":"","publisher":{"@id":"https:\/\/cuisineravecplaisir.com\/#organization"},"potentialAction":[{"@type":"SearchAction","target":{"@type":"EntryPoint","urlTemplate":"https:\/\/cuisineravecplaisir.com\/?s={search_term_string}"},"query-input":{"@type":"PropertyValueSpecification","valueRequired":true,"valueName":"search_term_string"}}],"inLanguage":"fr-FR"},{"@type":"Organization","@id":"https:\/\/cuisineravecplaisir.com\/#organization","name":"Cuisiner avec plaisir","url":"https:\/\/cuisineravecplaisir.com\/","logo":{"@type":"ImageObject","inLanguage":"fr-FR","@id":"https:\/\/cuisineravecplaisir.com\/#\/schema\/logo\/image\/","url":"https:\/\/cuisineravecplaisir.com\/wp-content\/uploads\/2024\/02\/Sans-titre-513_20210920172406.png","contentUrl":"https:\/\/cuisineravecplaisir.com\/wp-content\/uploads\/2024\/02\/Sans-titre-513_20210920172406.png","width":1280,"height":1280,"caption":"Cuisiner avec plaisir"},"image":{"@id":"https:\/\/cuisineravecplaisir.com\/#\/schema\/logo\/image\/"}}]}},"_links":{"self":[{"href":"https:\/\/cuisineravecplaisir.com\/index.php\/wp-json\/wp\/v2\/pages\/160","targetHints":{"allow":["GET"]}}],"collection":[{"href":"https:\/\/cuisineravecplaisir.com\/index.php\/wp-json\/wp\/v2\/pages"}],"about":[{"href":"https:\/\/cuisineravecplaisir.com\/index.php\/wp-json\/wp\/v2\/types\/page"}],"author":[{"embeddable":true,"href":"https:\/\/cuisineravecplaisir.com\/index.php\/wp-json\/wp\/v2\/users\/1"}],"replies":[{"embeddable":true,"href":"https:\/\/cuisineravecplaisir.com\/index.php\/wp-json\/wp\/v2\/comments?post=160"}],"version-history":[{"count":19,"href":"https:\/\/cuisineravecplaisir.com\/index.php\/wp-json\/wp\/v2\/pages\/160\/revisions"}],"predecessor-version":[{"id":534,"href":"https:\/\/cuisineravecplaisir.com\/index.php\/wp-json\/wp\/v2\/pages\/160\/revisions\/534"}],"wp:attachment":[{"href":"https:\/\/cuisineravecplaisir.com\/index.php\/wp-json\/wp\/v2\/media?parent=160"}],"curies":[{"name":"wp","href":"https:\/\/api.w.org\/{rel}","templated":true}]}}